{"id":2,"date":"2026-02-01T20:54:32","date_gmt":"2026-02-01T20:54:32","guid":{"rendered":"https:\/\/vidomai.fi\/?page_id=2"},"modified":"2026-03-22T15:29:00","modified_gmt":"2026-03-22T15:29:00","slug":"sample-page","status":"publish","type":"page","link":"https:\/\/vidomai.fi\/","title":{"rendered":"Tulossa pian.."},"content":{"rendered":"\n<p class=\"is-style-text-display is-style-text-display--1\">Tulossa pian..<\/p>\n\n\n\n<p class=\"is-style-default\"><br>Vidomai Oy keskittyy digitaalisten palveluiden ja liiketoimintaratkaisujen kehitt\u00e4miseen. Autamme yrityksi\u00e4 rakentamaan vahvaa verkkon\u00e4kyvyytt\u00e4, hy\u00f6dynt\u00e4m\u00e4\u00e4n uusia teknologioita ja kasvattamaan liiketoimintaansa. Kotisivumme ovat parhaillaan ty\u00f6n alla ja julkaistaan l\u00e4hiaikoina.<\/p>\n\n\n\n<p><br><br><\/p>\n","protected":false},"excerpt":{"rendered":"<p>Tulossa pian.. Vidomai Oy keskittyy digitaalisten palveluiden ja liiketoimintaratkaisujen kehitt\u00e4miseen. Autamme yrityksi\u00e4 rakentamaan vahvaa verkkon\u00e4kyvyytt\u00e4, hy\u00f6dynt\u00e4m\u00e4\u00e4n uusia teknologioita ja kasvattamaan liiketoimintaansa. Kotisivumme ovat parhaillaan ty\u00f6n alla ja julkaistaan l\u00e4hiaikoina.<\/p>\n","protected":false},"author":1,"featured_media":0,"parent":0,"menu_order":0,"comment_status":"closed","ping_status":"open","template":"","meta":{"footnotes":""},"class_list":["post-2","page","type-page","status-publish","hentry"],"_links":{"self":[{"href":"https:\/\/vidomai.fi\/index.php?rest_route=\/wp\/v2\/pages\/2","targetHints":{"allow":["GET"]}}],"collection":[{"href":"https:\/\/vidomai.fi\/index.php?rest_route=\/wp\/v2\/pages"}],"about":[{"href":"https:\/\/vidomai.fi\/index.php?rest_route=\/wp\/v2\/types\/page"}],"author":[{"embeddable":true,"href":"https:\/\/vidomai.fi\/index.php?rest_route=\/wp\/v2\/users\/1"}],"replies":[{"embeddable":true,"href":"https:\/\/vidomai.fi\/index.php?rest_route=%2Fwp%2Fv2%2Fcomments&post=2"}],"version-history":[{"count":7,"href":"https:\/\/vidomai.fi\/index.php?rest_route=\/wp\/v2\/pages\/2\/revisions"}],"predecessor-version":[{"id":70,"href":"https:\/\/vidomai.fi\/index.php?rest_route=\/wp\/v2\/pages\/2\/revisions\/70"}],"wp:attachment":[{"href":"https:\/\/vidomai.fi\/index.php?rest_route=%2Fwp%2Fv2%2Fmedia&parent=2"}],"curies":[{"name":"wp","href":"https:\/\/api.w.org\/{rel}","templated":true}]}}